{"id":89,"date":"2015-06-26T18:55:54","date_gmt":"2015-06-26T16:55:54","guid":{"rendered":"http:\/\/accra.musikerohnegrenzen.de\/?page_id=89"},"modified":"2015-06-26T18:55:54","modified_gmt":"2015-06-26T16:55:54","slug":"start","status":"publish","type":"page","link":"https:\/\/accra.musikerohnegrenzen.de\/gb\/","title":{"rendered":"Start"},"content":{"rendered":"<div id='Startseite_Kacheln' class='widgets_on_page wop_tiny1  wop_small1  wop_medium1  wop_large1  wop_wide1'>\n\t\t\t<ul><!-- ERROR NO TURBO SIDEBAR FOUND WITH ID Startseite Kacheln--><\/ul><\/div><!-- widgets_on_page -->\n<h2 class=\"centered\"><span>Projekttagebuch<\/span><\/h2>\n<div id='Startseite_Tagebuch' class='widgets_on_page wop_tiny1  wop_small1  wop_medium1  wop_large1  wop_wide1'>\n\t\t\t<ul><li id=\"dorayaki_recentposts-2\" class=\"widget widget_dorayaki_recentposts\">\n\t\t\t<ul class=\"dorayaki-rp\">\n\t\t\t\t\n\t\t\t\t\t<li class=\"rp-box\">\n\t\t\t\t\t\t<div class=\"rp-header\">\n\t\t\t\t\t\t\t<a href=\"https:\/\/accra.musikerohnegrenzen.de\/gb\/das-ende-eines-traumes-abschied-von-accra\/\" class=\"rp-date\">13. October 2025<\/a>\n\t\t\t\t\t\t\t<h3 class=\"rp-title\"><a href=\"https:\/\/accra.musikerohnegrenzen.de\/gb\/das-ende-eines-traumes-abschied-von-accra\/\">Das Ende eines Traumes: Abschied von Accra<\/a><\/h3>\n\t\t\t\t\t\t<\/div><!-- end .rp-header -->\n\t\t\t\t\t\t<div class=\"rp-summary\">\n\t\t\t\t\t\t\t\t\t\t\t\t\t\t\t<a href=\"https:\/\/accra.musikerohnegrenzen.de\/gb\/das-ende-eines-traumes-abschied-von-accra\/\" class=\"rp-thumb\"><img loading=\"lazy\" decoding=\"async\" width=\"1180\" height=\"590\" src=\"https:\/\/accra.musikerohnegrenzen.de\/wp-content\/uploads\/2025\/10\/IMG_20251010_092800-1180x590.jpg\" class=\"attachment-post-thumbnail size-post-thumbnail wp-post-image\" alt=\"\" \/><\/a>\n\t\t\t\t\t\t\t\t\t\t\t\t\t\t<p>Was sich vielleicht dramatischer liest, als es am Ende ist, ist trotzdem ein pl\u00f6tzlicher Bruch und das Zur\u00fcckgeworfen werden in die eigene Realit\u00e4t. Es f\u00fchlt sich an wie aufwachen. Meine letzten zwei Wochen vergehen wie im Flug und sind gef\u00fcllt von letzten gro\u00dfen Ereignissen, Abschieden und &hellip; <\/p>\n<p><a href=\"https:\/\/accra.musikerohnegrenzen.de\/gb\/das-ende-eines-traumes-abschied-von-accra\/\" class=\"more-link\"><span class=\"morelink-icon\">Read more<\/span><\/a><\/p>\n\t\t\t\t\t\t<\/div><!-- end .rp-summary -->\n\t\t\t\t\t\t<div class=\"rp-meta\">\n\t\t\t\t\t\t\t\t\t\t\t\t\t\t<div class=\"rp-comments\">\n\t\t\t\t\t\t\t<a href=\"https:\/\/accra.musikerohnegrenzen.de\/gb\/das-ende-eines-traumes-abschied-von-accra\/#comments\">1 comment<\/a>\t\t\t\t\t\t\t<\/div><!-- end .rp-comments -->\n\t\t\t\t\t\t\t\t\t\t\t\t\t\t\t\t\t\t\t\t<\/div><!-- end .rp-meta -->\n\t\t\t\t\t<\/li>\n\t\t\t\t\t\n\t\t\t\t\t<li class=\"rp-box\">\n\t\t\t\t\t\t<div class=\"rp-header\">\n\t\t\t\t\t\t\t<a href=\"https:\/\/accra.musikerohnegrenzen.de\/gb\/aufraeumaktion-homowo-festival-full-house-und-akropong-2-0\/\" class=\"rp-date\">25. September 2025<\/a>\n\t\t\t\t\t\t\t<h3 class=\"rp-title\"><a href=\"https:\/\/accra.musikerohnegrenzen.de\/gb\/aufraeumaktion-homowo-festival-full-house-und-akropong-2-0\/\">Aufr\u00e4umaktion, Homowo Festival, Full House und Akropong 2.0<\/a><\/h3>\n\t\t\t\t\t\t<\/div><!-- end .rp-header -->\n\t\t\t\t\t\t<div class=\"rp-summary\">\n\t\t\t\t\t\t\t\t\t\t\t\t\t\t\t<a href=\"https:\/\/accra.musikerohnegrenzen.de\/gb\/aufraeumaktion-homowo-festival-full-house-und-akropong-2-0\/\" class=\"rp-thumb\"><img loading=\"lazy\" decoding=\"async\" width=\"1180\" height=\"590\" src=\"https:\/\/accra.musikerohnegrenzen.de\/wp-content\/uploads\/2025\/09\/DSC_0656-1180x590.jpg\" class=\"attachment-post-thumbnail size-post-thumbnail wp-post-image\" alt=\"\" \/><\/a>\n\t\t\t\t\t\t\t\t\t\t\t\t\t\t<p>Seit Ulrich da ist hat sich das WG-Leben gewandelt. Dadurch, dass er durch seinen vorherigen Aufenthalt die Strukturen von MoG, viele Leute und das Leben in Accra kennt, hat er eine ziemlich genaue Vorstellung davon, was er w\u00e4hrend seines Aufenthalts schaffen m\u00f6chte. Neben geselligen Abenden zu &hellip; <\/p>\n<p><a href=\"https:\/\/accra.musikerohnegrenzen.de\/gb\/aufraeumaktion-homowo-festival-full-house-und-akropong-2-0\/\" class=\"more-link\"><span class=\"morelink-icon\">Read more<\/span><\/a><\/p>\n\t\t\t\t\t\t<\/div><!-- end .rp-summary -->\n\t\t\t\t\t\t<div class=\"rp-meta\">\n\t\t\t\t\t\t\t\t\t\t\t\t\t\t<div class=\"rp-comments\">\n\t\t\t\t\t\t\t<a href=\"https:\/\/accra.musikerohnegrenzen.de\/gb\/aufraeumaktion-homowo-festival-full-house-und-akropong-2-0\/#respond\"><span class=\"leave-reply\">0 comments<\/span><\/a>\t\t\t\t\t\t\t<\/div><!-- end .rp-comments -->\n\t\t\t\t\t\t\t\t\t\t\t\t\t\t\t\t\t\t\t\t<\/div><!-- end .rp-meta -->\n\t\t\t\t\t<\/li>\n\t\t\t\t\t\n\t\t\t\t\t<li class=\"rp-box\">\n\t\t\t\t\t\t<div class=\"rp-header\">\n\t\t\t\t\t\t\t<a href=\"https:\/\/accra.musikerohnegrenzen.de\/gb\/wg-leben-akropong-und-erste-auffuehrungen\/\" class=\"rp-date\">29. August 2025<\/a>\n\t\t\t\t\t\t\t<h3 class=\"rp-title\"><a href=\"https:\/\/accra.musikerohnegrenzen.de\/gb\/wg-leben-akropong-und-erste-auffuehrungen\/\">WG-Leben, Akropong und erste Auff\u00fchrungen<\/a><\/h3>\n\t\t\t\t\t\t<\/div><!-- end .rp-header -->\n\t\t\t\t\t\t<div class=\"rp-summary\">\n\t\t\t\t\t\t\t\t\t\t\t\t\t\t\t<a href=\"https:\/\/accra.musikerohnegrenzen.de\/gb\/wg-leben-akropong-und-erste-auffuehrungen\/\" class=\"rp-thumb\"><img loading=\"lazy\" decoding=\"async\" width=\"1180\" height=\"590\" src=\"https:\/\/accra.musikerohnegrenzen.de\/wp-content\/uploads\/2025\/08\/DSC_0381-NEU-1180x590.jpg\" class=\"attachment-post-thumbnail size-post-thumbnail wp-post-image\" alt=\"\" \/><\/a>\n\t\t\t\t\t\t\t\t\t\t\t\t\t\t<p>Wie schnell die Zeit vergeht\u2026 und wieder einiges, wor\u00fcber es sich zu berichten lohnt. Herzlich Willkommen zum MoG-Blog und meiner pers\u00f6nlichen Berichterstattung. Mittlerweile habe ich die Zeit allein in der WG nicht nur erfolgreich \u00fcberstanden, sondern Verst\u00e4rkung von Lisa (seit knapp vier Wochen hier) und Ulrich &hellip; <\/p>\n<p><a href=\"https:\/\/accra.musikerohnegrenzen.de\/gb\/wg-leben-akropong-und-erste-auffuehrungen\/\" class=\"more-link\"><span class=\"morelink-icon\">Read more<\/span><\/a><\/p>\n\t\t\t\t\t\t<\/div><!-- end .rp-summary -->\n\t\t\t\t\t\t<div class=\"rp-meta\">\n\t\t\t\t\t\t\t\t\t\t\t\t\t\t<div class=\"rp-comments\">\n\t\t\t\t\t\t\t<a href=\"https:\/\/accra.musikerohnegrenzen.de\/gb\/wg-leben-akropong-und-erste-auffuehrungen\/#respond\"><span class=\"leave-reply\">0 comments<\/span><\/a>\t\t\t\t\t\t\t<\/div><!-- end .rp-comments -->\n\t\t\t\t\t\t\t\t\t\t\t\t\t\t\t\t\t\t\t\t<\/div><!-- end .rp-meta -->\n\t\t\t\t\t<\/li>\n\t\t\t\t\t\n\t\t\t\t\t<li class=\"rp-box\">\n\t\t\t\t\t\t<div class=\"rp-header\">\n\t\t\t\t\t\t\t<a href=\"https:\/\/accra.musikerohnegrenzen.de\/gb\/freundschaften-mein-erster-gottesdienst-und-veganismus\/\" class=\"rp-date\">5. August 2025<\/a>\n\t\t\t\t\t\t\t<h3 class=\"rp-title\"><a href=\"https:\/\/accra.musikerohnegrenzen.de\/gb\/freundschaften-mein-erster-gottesdienst-und-veganismus\/\">Freundschaften, mein erster Gottesdienst und Veganismus<\/a><\/h3>\n\t\t\t\t\t\t<\/div><!-- end .rp-header -->\n\t\t\t\t\t\t<div class=\"rp-summary\">\n\t\t\t\t\t\t\t\t\t\t\t\t\t\t\t<a href=\"https:\/\/accra.musikerohnegrenzen.de\/gb\/freundschaften-mein-erster-gottesdienst-und-veganismus\/\" class=\"rp-thumb\"><img loading=\"lazy\" decoding=\"async\" width=\"1180\" height=\"590\" src=\"https:\/\/accra.musikerohnegrenzen.de\/wp-content\/uploads\/2025\/08\/DSC_0206-NEU-1180x590.jpg\" class=\"attachment-post-thumbnail size-post-thumbnail wp-post-image\" alt=\"\" \/><\/a>\n\t\t\t\t\t\t\t\t\t\t\t\t\t\t<p>Es ist wieder einige Zeit ins Land gezogen, oder in die Stadt. Mittlerweile hat sich mein Alltag fest etabliert. Und gleichzeitig sind wieder viele neue Erlebnisse dazugekommen. An einem Samstagabend bin ich in Qodesh, einem gro\u00dfen Kirchenkomplex nordwestlich vom Zentrum Accras. Richmond, einer meiner Sch\u00fcler, hat &hellip; <\/p>\n<p><a href=\"https:\/\/accra.musikerohnegrenzen.de\/gb\/freundschaften-mein-erster-gottesdienst-und-veganismus\/\" class=\"more-link\"><span class=\"morelink-icon\">Read more<\/span><\/a><\/p>\n\t\t\t\t\t\t<\/div><!-- end .rp-summary -->\n\t\t\t\t\t\t<div class=\"rp-meta\">\n\t\t\t\t\t\t\t\t\t\t\t\t\t\t<div class=\"rp-comments\">\n\t\t\t\t\t\t\t<a href=\"https:\/\/accra.musikerohnegrenzen.de\/gb\/freundschaften-mein-erster-gottesdienst-und-veganismus\/#comments\">1 comment<\/a>\t\t\t\t\t\t\t<\/div><!-- end .rp-comments -->\n\t\t\t\t\t\t\t\t\t\t\t\t\t\t\t\t\t\t\t\t<\/div><!-- end .rp-meta -->\n\t\t\t\t\t<\/li>\n\t\t\t\t\t\n\t\t\t\t\t<li class=\"rp-box\">\n\t\t\t\t\t\t<div class=\"rp-header\">\n\t\t\t\t\t\t\t<a href=\"https:\/\/accra.musikerohnegrenzen.de\/gb\/beobachten-kennenlernen-unterrichten\/\" class=\"rp-date\">17. July 2025<\/a>\n\t\t\t\t\t\t\t<h3 class=\"rp-title\"><a href=\"https:\/\/accra.musikerohnegrenzen.de\/gb\/beobachten-kennenlernen-unterrichten\/\">Beobachten, kennenlernen, unterrichten<\/a><\/h3>\n\t\t\t\t\t\t<\/div><!-- end .rp-header -->\n\t\t\t\t\t\t<div class=\"rp-summary\">\n\t\t\t\t\t\t\t\t\t\t\t\t\t\t\t<a href=\"https:\/\/accra.musikerohnegrenzen.de\/gb\/beobachten-kennenlernen-unterrichten\/\" class=\"rp-thumb\"><img loading=\"lazy\" decoding=\"async\" width=\"1180\" height=\"590\" src=\"https:\/\/accra.musikerohnegrenzen.de\/wp-content\/uploads\/2025\/07\/DSC_0077-1180x590.jpg\" class=\"attachment-post-thumbnail size-post-thumbnail wp-post-image\" alt=\"\" \/><\/a>\n\t\t\t\t\t\t\t\t\t\t\t\t\t\t<p>Die ersten zwei Wochen allein in der WG sind vor\u00fcber, seit Sarah und Katharina wieder in Deutschland sind. Zeit f\u00fcr ein Zwischenfazit. An sechs Tagen in der Woche gebe ich Unterricht, je zwei Tage in Nima, Korle Gonno und Teshie. Samstag ist mein Ruhetag. Und interessanterweise &hellip; <\/p>\n<p><a href=\"https:\/\/accra.musikerohnegrenzen.de\/gb\/beobachten-kennenlernen-unterrichten\/\" class=\"more-link\"><span class=\"morelink-icon\">Read more<\/span><\/a><\/p>\n\t\t\t\t\t\t<\/div><!-- end .rp-summary -->\n\t\t\t\t\t\t<div class=\"rp-meta\">\n\t\t\t\t\t\t\t\t\t\t\t\t\t\t<div class=\"rp-comments\">\n\t\t\t\t\t\t\t<a href=\"https:\/\/accra.musikerohnegrenzen.de\/gb\/beobachten-kennenlernen-unterrichten\/#respond\"><span class=\"leave-reply\">0 comments<\/span><\/a>\t\t\t\t\t\t\t<\/div><!-- end .rp-comments -->\n\t\t\t\t\t\t\t\t\t\t\t\t\t\t\t\t\t\t\t\t<\/div><!-- end .rp-meta -->\n\t\t\t\t\t<\/li>\n\t\t\t\t\t\n\t\t\t\t\t<li class=\"rp-box\">\n\t\t\t\t\t\t<div class=\"rp-header\">\n\t\t\t\t\t\t\t<a href=\"https:\/\/accra.musikerohnegrenzen.de\/gb\/ankunft-und-erste-eindruecke-in-accra\/\" class=\"rp-date\">3. July 2025<\/a>\n\t\t\t\t\t\t\t<h3 class=\"rp-title\"><a href=\"https:\/\/accra.musikerohnegrenzen.de\/gb\/ankunft-und-erste-eindruecke-in-accra\/\">Ankunft und erste Eindr\u00fccke in Accra<\/a><\/h3>\n\t\t\t\t\t\t<\/div><!-- end .rp-header -->\n\t\t\t\t\t\t<div class=\"rp-summary\">\n\t\t\t\t\t\t\t\t\t\t\t\t\t\t\t<a href=\"https:\/\/accra.musikerohnegrenzen.de\/gb\/ankunft-und-erste-eindruecke-in-accra\/\" class=\"rp-thumb\"><img loading=\"lazy\" decoding=\"async\" width=\"1180\" height=\"590\" src=\"https:\/\/accra.musikerohnegrenzen.de\/wp-content\/uploads\/2025\/07\/DSC_0027-NEU-1180x590.jpg\" class=\"attachment-post-thumbnail size-post-thumbnail wp-post-image\" alt=\"\" \/><\/a>\n\t\t\t\t\t\t\t\t\t\t\t\t\t\t<p>Hallo! Mein Name ist David und ich lebe nun seit gut einer Woche in der ghanaischen Hauptstadt Accra im Stadtteil Teshie. Es sind erst wenige Tage vergangen und doch ist super viel passiert. Daher m\u00f6chte ich mit Euch meine ersten Eindr\u00fccke in Ausschnitten teilen. Wir \u00fcberspringen &hellip; <\/p>\n<p><a href=\"https:\/\/accra.musikerohnegrenzen.de\/gb\/ankunft-und-erste-eindruecke-in-accra\/\" class=\"more-link\"><span class=\"morelink-icon\">Read more<\/span><\/a><\/p>\n\t\t\t\t\t\t<\/div><!-- end .rp-summary -->\n\t\t\t\t\t\t<div class=\"rp-meta\">\n\t\t\t\t\t\t\t\t\t\t\t\t\t\t<div class=\"rp-comments\">\n\t\t\t\t\t\t\t<a href=\"https:\/\/accra.musikerohnegrenzen.de\/gb\/ankunft-und-erste-eindruecke-in-accra\/#respond\"><span class=\"leave-reply\">0 comments<\/span><\/a>\t\t\t\t\t\t\t<\/div><!-- end .rp-comments -->\n\t\t\t\t\t\t\t\t\t\t\t\t\t\t\t\t\t\t\t\t<\/div><!-- end .rp-meta -->\n\t\t\t\t\t<\/li>\n\t\t\t\t\t\n\t\t\t\t\t<li class=\"rp-box\">\n\t\t\t\t\t\t<div class=\"rp-header\">\n\t\t\t\t\t\t\t<a href=\"https:\/\/accra.musikerohnegrenzen.de\/gb\/%f0%9f%8e%b6-thanksgiving-concert-in-chorkor-%f0%9f%8e%89\/\" class=\"rp-date\">3. July 2025<\/a>\n\t\t\t\t\t\t\t<h3 class=\"rp-title\"><a href=\"https:\/\/accra.musikerohnegrenzen.de\/gb\/%f0%9f%8e%b6-thanksgiving-concert-in-chorkor-%f0%9f%8e%89\/\">\ud83c\udfb6 THANKSGIVING CONCERT IN CHORKOR \ud83c\udf89<\/a><\/h3>\n\t\t\t\t\t\t<\/div><!-- end .rp-header -->\n\t\t\t\t\t\t<div class=\"rp-summary\">\n\t\t\t\t\t\t\t\t\t\t\t\t\t\t<p>Am 21. Juni fand unser Thanksgiving Konzert mit all unseren wunderbaren Sch\u00fcler:innen in Chorkor statt! Die Aufregung war gro\u00df \u2013 und ja, wir waren auch etwas nerv\u00f6s \ud83d\ude05 \u2013 aber am Ende war es ein voller Erfolg! \ud83c\udf1f Gefeiert wurde ganz nach ghanaischer Art: Kenkey &#038; &hellip; <\/p>\n<p><a href=\"https:\/\/accra.musikerohnegrenzen.de\/gb\/%f0%9f%8e%b6-thanksgiving-concert-in-chorkor-%f0%9f%8e%89\/\" class=\"more-link\"><span class=\"morelink-icon\">Read more<\/span><\/a><\/p>\n\t\t\t\t\t\t<\/div><!-- end .rp-summary -->\n\t\t\t\t\t\t<div class=\"rp-meta\">\n\t\t\t\t\t\t\t\t\t\t\t\t\t\t<div class=\"rp-comments\">\n\t\t\t\t\t\t\t<a href=\"https:\/\/accra.musikerohnegrenzen.de\/gb\/%f0%9f%8e%b6-thanksgiving-concert-in-chorkor-%f0%9f%8e%89\/#respond\"><span class=\"leave-reply\">0 comments<\/span><\/a>\t\t\t\t\t\t\t<\/div><!-- end .rp-comments -->\n\t\t\t\t\t\t\t\t\t\t\t\t\t\t\t\t\t\t\t\t<\/div><!-- end .rp-meta -->\n\t\t\t\t\t<\/li>\n\t\t\t\t\t\n\t\t\t\t\t<li class=\"rp-box\">\n\t\t\t\t\t\t<div class=\"rp-header\">\n\t\t\t\t\t\t\t<a href=\"https:\/\/accra.musikerohnegrenzen.de\/gb\/2193-2\/\" class=\"rp-date\">23. May 2025<\/a>\n\t\t\t\t\t\t\t<h3 class=\"rp-title\"><a href=\"https:\/\/accra.musikerohnegrenzen.de\/gb\/2193-2\/\">Konzert mit unseren Stipendiat:innen<\/a><\/h3>\n\t\t\t\t\t\t<\/div><!-- end .rp-header -->\n\t\t\t\t\t\t<div class=\"rp-summary\">\n\t\t\t\t\t\t\t\t\t\t\t\t\t\t<p>Am 1. Mai haben wir gemeinsam mit unseren Stipendiaten, bei Esther&#8217;s Graduationkonzert (ehem. Sch\u00fclerin mit eigenen Violinsch\u00fclerInnen) ein paar Titel vorgetragen. Das gesamte Konzert hat uns allen sehr viel Spa\u00df gemacht und war eine tolle M\u00f6glichkeit aufzutreten. On May 1st we performed some pieces together with &hellip; <\/p>\n<p><a href=\"https:\/\/accra.musikerohnegrenzen.de\/gb\/2193-2\/\" class=\"more-link\"><span class=\"morelink-icon\">Read more<\/span><\/a><\/p>\n\t\t\t\t\t\t<\/div><!-- end .rp-summary -->\n\t\t\t\t\t\t<div class=\"rp-meta\">\n\t\t\t\t\t\t\t\t\t\t\t\t\t\t<div class=\"rp-comments\">\n\t\t\t\t\t\t\t<a href=\"https:\/\/accra.musikerohnegrenzen.de\/gb\/2193-2\/#respond\"><span class=\"leave-reply\">0 comments<\/span><\/a>\t\t\t\t\t\t\t<\/div><!-- end .rp-comments -->\n\t\t\t\t\t\t\t\t\t\t\t\t\t\t\t\t\t\t\t\t<\/div><!-- end .rp-meta -->\n\t\t\t\t\t<\/li>\n\t\t\t\t\t\t\t\t\t\t\t\t\t<\/ul><!-- end .dorayaki-rp -->\n\t\t <\/li><\/ul><\/div><!-- widgets_on_page -->\n","protected":false},"excerpt":{"rendered":"","protected":false},"author":1,"featured_media":0,"parent":0,"menu_order":4,"comment_status":"closed","ping_status":"closed","template":"page-templates\/full-width.php","meta":{"footnotes":""},"translation":{"provider":"WPGlobus","version":"2.12.2","language":"gb","enabled_languages":["de","gb"],"languages":{"de":{"title":true,"content":true,"excerpt":false},"gb":{"title":false,"content":false,"excerpt":false}}},"_links":{"self":[{"href":"https:\/\/accra.musikerohnegrenzen.de\/gb\/wp-json\/wp\/v2\/pages\/89"}],"collection":[{"href":"https:\/\/accra.musikerohnegrenzen.de\/gb\/wp-json\/wp\/v2\/pages"}],"about":[{"href":"https:\/\/accra.musikerohnegrenzen.de\/gb\/wp-json\/wp\/v2\/types\/page"}],"author":[{"embeddable":true,"href":"https:\/\/accra.musikerohnegrenzen.de\/gb\/wp-json\/wp\/v2\/users\/1"}],"replies":[{"embeddable":true,"href":"https:\/\/accra.musikerohnegrenzen.de\/gb\/wp-json\/wp\/v2\/comments?post=89"}],"version-history":[{"count":1,"href":"https:\/\/accra.musikerohnegrenzen.de\/gb\/wp-json\/wp\/v2\/pages\/89\/revisions"}],"predecessor-version":[{"id":2134,"href":"https:\/\/accra.musikerohnegrenzen.de\/gb\/wp-json\/wp\/v2\/pages\/89\/revisions\/2134"}],"wp:attachment":[{"href":"https:\/\/accra.musikerohnegrenzen.de\/gb\/wp-json\/wp\/v2\/media?parent=89"}],"curies":[{"name":"wp","href":"https:\/\/api.w.org\/{rel}","templated":true}]}}