{"id":804,"date":"2019-02-02T17:38:21","date_gmt":"2019-02-02T16:38:21","guid":{"rendered":"https:\/\/accra.musikerohnegrenzen.de\/?page_id=804"},"modified":"2022-07-05T18:39:22","modified_gmt":"2022-07-05T16:39:22","slug":"team-2019","status":"publish","type":"page","link":"https:\/\/accra.musikerohnegrenzen.de\/gb\/ueber-uns\/team\/team-2019\/","title":{"rendered":"Team 2019"},"content":{"rendered":"<div id='Team_2019' class='widgets_on_page wop_tiny1  wop_small1  wop_medium1  wop_large1  wop_wide1'>\n\t\t\t<ul><li id=\"dorayaki_team-19\" class=\"widget widget_dorayaki_team\">\n\t\t\t<div class=\"team-box\">\n\t\t\t\t<div class=\"tm-info\">\n\t\t\t\t\t<img decoding=\"async\" src=\"https:\/\/accra.musikerohnegrenzen.de\/wp-content\/uploads\/2019\/02\/Monia-Schmidt-240-2.jpg\" alt=\"Monia Schmid\" class=\"tm-img\">\n\t\t\t\t\t<div class=\"tm-author\">\n\t\t\t\t\t\t<h4>Monia Schmid<\/h4>\n\t\t\t\t\t\t<span class=\"tm-pos\">Cello und Musikunterricht<\/span>\n\t\t\t\t\t\t\t<p class=\"tm-text\">Monia liebt das Cello und die Musik und freut sich darauf, mit Kindern zu musizieren und Ghana zu entdecken!<\/p>\n\t\t\t\t\t\t\t\t\t\t\t\t\t\t\t\t\t\t\t<\/div>\n\t\t\t\t<\/div><!-- end .tm-info -->\n\t\t\t\t<div class=\"tm-quote\">\n\t\t\t\t\t<p>Musik allein ist die Weltsprache und braucht nicht \u00fcbersetzt zu werden\r\n\u2013 Berthold Auerbach<\/p>\n\t\t\t\t<\/div><!-- end .tm-quote -->\n\t\t\t<\/div><!-- end .team-box -->\n\n\t\t <\/li><li id=\"dorayaki_team-20\" class=\"widget widget_dorayaki_team\">\n\t\t\t<div class=\"team-box\">\n\t\t\t\t<div class=\"tm-info\">\n\t\t\t\t\t<img decoding=\"async\" src=\"https:\/\/accra.musikerohnegrenzen.de\/wp-content\/uploads\/2019\/02\/Louisa-Peters-240.jpg\" alt=\"Louisa Peters\" class=\"tm-img\">\n\t\t\t\t\t<div class=\"tm-author\">\n\t\t\t\t\t\t<h4>Louisa Peters<\/h4>\n\t\t\t\t\t\t<span class=\"tm-pos\">Posaune<\/span>\n\t\t\t\t\t\t\t<p class=\"tm-text\">Louisa spielt Posaune und liebt den Umgang mit Kindern. Sie erlebt und lernt gerne neue Sachen und hat Spa\u00df an neuen Aufgaben.  Sie hofft in Ghana ihr Wissen an die Menschen weiterzugeben.<\/p>\n\t\t\t\t\t\t\t\t\t\t\t\t\t\t\t\t\t\t\t<\/div>\n\t\t\t\t<\/div><!-- end .tm-info -->\n\t\t\t\t<div class=\"tm-quote\">\n\t\t\t\t\t<p>Musik ist meine Leidenschaft ist und ich m\u00f6chte diese teilen.<\/p>\n\t\t\t\t<\/div><!-- end .tm-quote -->\n\t\t\t<\/div><!-- end .team-box -->\n\n\t\t <\/li><li id=\"dorayaki_team-22\" class=\"widget widget_dorayaki_team\">\n\t\t\t<div class=\"team-box\">\n\t\t\t\t<div class=\"tm-info\">\n\t\t\t\t\t<img decoding=\"async\" src=\"https:\/\/accra.musikerohnegrenzen.de\/wp-content\/uploads\/2019\/04\/Luisa-Braendle-240.jpg\" alt=\"Luisa Br\u00e4ndle\" class=\"tm-img\">\n\t\t\t\t\t<div class=\"tm-author\">\n\t\t\t\t\t\t<h4>Luisa Br\u00e4ndle<\/h4>\n\t\t\t\t\t\t<span class=\"tm-pos\">Querfl\u00f6te, in Schulen Musiktheorie und Querfl\u00f6te<\/span>\n\t\t\t\t\t\t\t<p class=\"tm-text\"><\/p>\n\t\t\t\t\t\t\t\t\t\t\t\t\t\t\t\t\t\t\t<\/div>\n\t\t\t\t<\/div><!-- end .tm-info -->\n\t\t\t\t<div class=\"tm-quote\">\n\t\t\t\t\t<p><\/p>\n\t\t\t\t<\/div><!-- end .tm-quote -->\n\t\t\t<\/div><!-- end .team-box -->\n\n\t\t <\/li><li id=\"dorayaki_team-23\" class=\"widget widget_dorayaki_team\">\n\t\t\t<div class=\"team-box\">\n\t\t\t\t<div class=\"tm-info\">\n\t\t\t\t\t<img decoding=\"async\" src=\"https:\/\/accra.musikerohnegrenzen.de\/wp-content\/uploads\/2019\/06\/Martin-Hoerisch-240.jpg\" alt=\"Martin H\u00f6risch\" class=\"tm-img\">\n\t\t\t\t\t<div class=\"tm-author\">\n\t\t\t\t\t\t<h4>Martin H\u00f6risch<\/h4>\n\t\t\t\t\t\t<span class=\"tm-pos\">Geige, Bratsche, ein wenig Klavier, Gitarre (Folk) und viel Chor<\/span>\n\t\t\t\t\t\t\t<p class=\"tm-text\">Als Markus Baisch in einer Chorprobe das MoG-Projekt in Accra vorstellte, hat Martin ihn gefragt, ob auch Freiwillige in seinem Alter denkbar sind. Er freut sich darauf, seiner Berufserfahrung noch eine ganz neue Erfahrung hinzuzuf\u00fcgen.\r\n<\/p>\n\t\t\t\t\t\t\t\t\t\t\t\t\t\t\t\t\t\t\t<\/div>\n\t\t\t\t<\/div><!-- end .tm-info -->\n\t\t\t\t<div class=\"tm-quote\">\n\t\t\t\t\t<p>\"If music be the food of love - play on!\"<\/p>\n\t\t\t\t<\/div><!-- end .tm-quote -->\n\t\t\t<\/div><!-- end .team-box -->\n\n\t\t <\/li><li id=\"dorayaki_team-24\" class=\"widget widget_dorayaki_team\">\n\t\t\t<div class=\"team-box\">\n\t\t\t\t<div class=\"tm-info\">\n\t\t\t\t\t<img decoding=\"async\" src=\"https:\/\/accra.musikerohnegrenzen.de\/wp-content\/uploads\/2019\/07\/Marie-Eberle-240.jpg\" alt=\"Marie Eberle\" class=\"tm-img\">\n\t\t\t\t\t<div class=\"tm-author\">\n\t\t\t\t\t\t<h4>Marie Eberle<\/h4>\n\t\t\t\t\t\t<span class=\"tm-pos\">Violine, Unterrichten<\/span>\n\t\t\t\t\t\t\t<p class=\"tm-text\">Marie wird ab September 2019 ihre Reise nach Ghana antreten und dort als Freiwillige im Projekt unterrichten. Sie freut sich schon sehr darauf, neue Erfahrungen und Eindr\u00fccke zu sammeln und ist gespannt auf die kommende Zeit.<\/p>\n\t\t\t\t\t\t\t\t\t\t\t\t\t\t\t\t\t\t\t<\/div>\n\t\t\t\t<\/div><!-- end .tm-info -->\n\t\t\t\t<div class=\"tm-quote\">\n\t\t\t\t\t<p>Durch Musik k\u00f6nnen Dinge vermittelt werden, die man durch Worte nicht ausdr\u00fccken kann.<\/p>\n\t\t\t\t<\/div><!-- end .tm-quote -->\n\t\t\t<\/div><!-- end .team-box -->\n\n\t\t <\/li><li id=\"dorayaki_team-25\" class=\"widget widget_dorayaki_team\">\n\t\t\t<div class=\"team-box\">\n\t\t\t\t<div class=\"tm-info\">\n\t\t\t\t\t<img decoding=\"async\" src=\"https:\/\/accra.musikerohnegrenzen.de\/wp-content\/uploads\/2019\/08\/Thea-Sollwedel-240.jpg\" alt=\"Thea Sollwedel\" class=\"tm-img\">\n\t\t\t\t\t<div class=\"tm-author\">\n\t\t\t\t\t\t<h4>Thea Sollwedel<\/h4>\n\t\t\t\t\t\t<span class=\"tm-pos\">Oboe, Chor, (Klavier)<\/span>\n\t\t\t\t\t\t\t<p class=\"tm-text\">Thea freut sich nach der Schule auf viel Abwechslung und viele Ver\u00e4nderungen in einem neuen Land mit einer neuen Kultur. Voller Neugierde blickt sie dem gegenseitigen musikalischen Austausch entgegen.<\/p>\n\t\t\t\t\t\t\t\t\t\t\t\t\t\t\t\t\t\t\t<\/div>\n\t\t\t\t<\/div><!-- end .tm-info -->\n\t\t\t\t<div class=\"tm-quote\">\n\t\t\t\t\t<p>Musik kann vielleicht nicht die Welt retten, aber die Seele.<\/p>\n\t\t\t\t<\/div><!-- end .tm-quote -->\n\t\t\t<\/div><!-- end .team-box -->\n\n\t\t <\/li><li id=\"dorayaki_team-26\" class=\"widget widget_dorayaki_team\">\n\t\t\t<div class=\"team-box\">\n\t\t\t\t<div class=\"tm-info\">\n\t\t\t\t\t<img decoding=\"async\" src=\"https:\/\/accra.musikerohnegrenzen.de\/wp-content\/uploads\/2019\/08\/Cosima-May-240.jpg\" alt=\"Cosima May\" class=\"tm-img\">\n\t\t\t\t\t<div class=\"tm-author\">\n\t\t\t\t\t\t<h4>Cosima May<\/h4>\n\t\t\t\t\t\t<span class=\"tm-pos\">Geige, Klavier<\/span>\n\t\t\t\t\t\t\t<p class=\"tm-text\">Cosi hat Lust darauf anderen Menschen den Spa\u00df und die Liebe an der Musik zu zeigen und m\u00f6chte nebenher noch ein neues Land kennenlernen.<\/p>\n\t\t\t\t\t\t\t\t\t\t\t\t\t\t\t\t\t\t\t<\/div>\n\t\t\t\t<\/div><!-- end .tm-info -->\n\t\t\t\t<div class=\"tm-quote\">\n\t\t\t\t\t<p>Weil es jeder verdient hat, Musik zu machen.\r\n<\/p>\n\t\t\t\t<\/div><!-- end .tm-quote -->\n\t\t\t<\/div><!-- end .team-box -->\n\n\t\t <\/li><li id=\"dorayaki_team-27\" class=\"widget widget_dorayaki_team\">\n\t\t\t<div class=\"team-box\">\n\t\t\t\t<div class=\"tm-info\">\n\t\t\t\t\t<img decoding=\"async\" src=\"https:\/\/accra.musikerohnegrenzen.de\/wp-content\/uploads\/2019\/08\/Luise-Sandberger-240.jpg\" alt=\"Luise Sandberger\" class=\"tm-img\">\n\t\t\t\t\t<div class=\"tm-author\">\n\t\t\t\t\t\t<h4>Luise Sandberger<\/h4>\n\t\t\t\t\t\t<span class=\"tm-pos\">Cello, Gesang, Musikunterricht<\/span>\n\t\t\t\t\t\t\t<p class=\"tm-text\">Nach dem Vorbereitungsseminar kann Luise ihre Abreise nach Ghana kaum noch erwarten! Die verbleibende Zeit in Deutschland \u00fcberbr\u00fcckt sie damit, die letzten Reisevorbereitungen abzuschlie\u00dfen, Ohrw\u00fcrmer vom Vorbereitungsseminar vor sich hinzusummen und nat\u00fcrlich mit ganz viel Vorfreude auf ihren Einsatz als grenzenlose Musikerin.<\/p>\n\t\t\t\t\t\t\t\t\t\t\t\t\t\t\t\t\t\t\t<\/div>\n\t\t\t\t<\/div><!-- end .tm-info -->\n\t\t\t\t<div class=\"tm-quote\">\n\t\t\t\t\t<p>Musik kann das ausdr\u00fccken, was man nicht in Worte fassen kann.\r\n<\/p>\n\t\t\t\t<\/div><!-- end .tm-quote -->\n\t\t\t<\/div><!-- end .team-box -->\n\n\t\t <\/li><li id=\"dorayaki_team-28\" class=\"widget widget_dorayaki_team\">\n\t\t\t<div class=\"team-box\">\n\t\t\t\t<div class=\"tm-info\">\n\t\t\t\t\t<img decoding=\"async\" src=\"https:\/\/accra.musikerohnegrenzen.de\/wp-content\/uploads\/2019\/09\/Hannah-Blattner-240.jpg\" alt=\"Hannah Blattner\" class=\"tm-img\">\n\t\t\t\t\t<div class=\"tm-author\">\n\t\t\t\t\t\t<h4>Hannah Blattner<\/h4>\n\t\t\t\t\t\t<span class=\"tm-pos\">Querfl\u00f6te<\/span>\n\t\t\t\t\t\t\t<p class=\"tm-text\"><\/p>\n\t\t\t\t\t\t\t\t\t\t\t\t\t\t\t\t\t\t\t<\/div>\n\t\t\t\t<\/div><!-- end .tm-info -->\n\t\t\t\t<div class=\"tm-quote\">\n\t\t\t\t\t<p>Musik und Emotion gehen stets Hand in Hand.<\/p>\n\t\t\t\t<\/div><!-- end .tm-quote -->\n\t\t\t<\/div><!-- end .team-box -->\n\n\t\t <\/li><li id=\"dorayaki_team-29\" class=\"widget widget_dorayaki_team\">\n\t\t\t<div class=\"team-box\">\n\t\t\t\t<div class=\"tm-info\">\n\t\t\t\t\t<img decoding=\"async\" src=\"https:\/\/accra.musikerohnegrenzen.de\/wp-content\/uploads\/2019\/09\/Mieke-Karpenkiel-240.jpg\" alt=\"Mieke Karpenkiel\" class=\"tm-img\">\n\t\t\t\t\t<div class=\"tm-author\">\n\t\t\t\t\t\t<h4>Mieke Karpenkiel<\/h4>\n\t\t\t\t\t\t<span class=\"tm-pos\">Klarinette, Blockfl\u00f6te<\/span>\n\t\t\t\t\t\t\t<p class=\"tm-text\">Mieke ist im ersten Jahr nach ihrem Abi mit Work & Travel schon in verschiedene L\u00e4nder gereist - aber freut sich jetzt besonders auf ihren MoG-Aufenthalt in Ghana: Ein neues Land kennenlernen und gleichzeitig Musik unterrichten und andere Menschen f\u00fcr Musik begeistern - eine absolute Traumkombination!<\/p>\n\t\t\t\t\t\t\t\t\t\t\t\t\t\t\t\t\t\t\t<\/div>\n\t\t\t\t<\/div><!-- end .tm-info -->\n\t\t\t\t<div class=\"tm-quote\">\n\t\t\t\t\t<p>Musik ist etwas, das uns alle ber\u00fchrt. Egal, wo wir herkommen, jeder liebt Musik.<\/p>\n\t\t\t\t<\/div><!-- end .tm-quote -->\n\t\t\t<\/div><!-- end .team-box -->\n\n\t\t <\/li><\/ul><\/div><!-- widgets_on_page -->\n\n\n\n<p><\/p>\n","protected":false},"excerpt":{"rendered":"","protected":false},"author":3,"featured_media":0,"parent":1052,"menu_order":2,"comment_status":"closed","ping_status":"closed","template":"page-templates\/full-width.php","meta":{"footnotes":""},"translation":{"provider":"WPGlobus","version":"2.12.2","language":"gb","enabled_languages":["de","gb"],"languages":{"de":{"title":true,"content":true,"excerpt":false},"gb":{"title":false,"content":false,"excerpt":false}}},"_links":{"self":[{"href":"https:\/\/accra.musikerohnegrenzen.de\/gb\/wp-json\/wp\/v2\/pages\/804"}],"collection":[{"href":"https:\/\/accra.musikerohnegrenzen.de\/gb\/wp-json\/wp\/v2\/pages"}],"about":[{"href":"https:\/\/accra.musikerohnegrenzen.de\/gb\/wp-json\/wp\/v2\/types\/page"}],"author":[{"embeddable":true,"href":"https:\/\/accra.musikerohnegrenzen.de\/gb\/wp-json\/wp\/v2\/users\/3"}],"replies":[{"embeddable":true,"href":"https:\/\/accra.musikerohnegrenzen.de\/gb\/wp-json\/wp\/v2\/comments?post=804"}],"version-history":[{"count":1,"href":"https:\/\/accra.musikerohnegrenzen.de\/gb\/wp-json\/wp\/v2\/pages\/804\/revisions"}],"predecessor-version":[{"id":805,"href":"https:\/\/accra.musikerohnegrenzen.de\/gb\/wp-json\/wp\/v2\/pages\/804\/revisions\/805"}],"up":[{"embeddable":true,"href":"https:\/\/accra.musikerohnegrenzen.de\/gb\/wp-json\/wp\/v2\/pages\/1052"}],"wp:attachment":[{"href":"https:\/\/accra.musikerohnegrenzen.de\/gb\/wp-json\/wp\/v2\/media?parent=804"}],"curies":[{"name":"wp","href":"https:\/\/api.w.org\/{rel}","templated":true}]}}