{"id":69,"date":"2015-06-26T18:54:34","date_gmt":"2015-06-26T16:54:34","guid":{"rendered":"http:\/\/accra.musikerohnegrenzen.de\/?page_id=69"},"modified":"2022-07-05T18:39:54","modified_gmt":"2022-07-05T16:39:54","slug":"team","status":"publish","type":"page","link":"https:\/\/accra.musikerohnegrenzen.de\/gb\/ueber-uns\/team\/team\/","title":{"rendered":"Team 2016"},"content":{"rendered":"<div id='Team_2016' class='widgets_on_page wop_tiny1  wop_small1  wop_medium1  wop_large1  wop_wide1'>\n\t\t\t<ul><li id=\"dorayaki_team-6\" class=\"widget widget_dorayaki_team\">\n\t\t\t<div class=\"team-box\">\n\t\t\t\t<div class=\"tm-info\">\n\t\t\t\t\t<img decoding=\"async\" src=\"https:\/\/accra.musikerohnegrenzen.de\/wp-content\/uploads\/2016\/07\/ludwig-bosse.jpg\" alt=\"Ludwig Bosse\" class=\"tm-img\">\n\t\t\t\t\t<div class=\"tm-author\">\n\t\t\t\t\t\t<h4>Ludwig Bosse<\/h4>\n\t\t\t\t\t\t<span class=\"tm-pos\">Cello, Klavier<\/span>\n\t\t\t\t\t\t\t<p class=\"tm-text\">Ludwig Bosse spielt Cello und ist \u00fcber Freunde auf Musiker ohne Grenzen gesto\u00dfen. Er hat sich \r\nim Februar beworben und wurde dann dem Projekt in Accra (Ghana) zu geteilt. Die Orchesterarbeit \r\ngef\u00e4llt ihm sehr, weswegen er sich f\u00fcr dieses Projekt entschieden hat.<\/p>\n\t\t\t\t\t\t\t<a href=\"https:\/\/netzwerk.musikerohnegrenzen.de\/members\/ludwigbo\/\" class=\"tm-link\">Netzwerk<\/a>\t\t\t\t\t\t\t\t\t\t\t\t<\/div>\n\t\t\t\t<\/div><!-- end .tm-info -->\n\t\t\t\t<div class=\"tm-quote\">\n\t\t\t\t\t<p>Ich bin grenzenloser Musiker, um gemeinsam mit der Musik Erfahrungen zu sammeln<\/p>\n\t\t\t\t<\/div><!-- end .tm-quote -->\n\t\t\t<\/div><!-- end .team-box -->\n\n\t\t <\/li><li id=\"dorayaki_team-7\" class=\"widget widget_dorayaki_team\">\n\t\t\t<div class=\"team-box\">\n\t\t\t\t<div class=\"tm-info\">\n\t\t\t\t\t<img decoding=\"async\" src=\"https:\/\/accra.musikerohnegrenzen.de\/wp-content\/uploads\/2016\/08\/Fidelius-von-Manstein-e1471354418982.jpg\" alt=\"Fidelius von Manstein\" class=\"tm-img\">\n\t\t\t\t\t<div class=\"tm-author\">\n\t\t\t\t\t\t<h4>Fidelius von Manstein<\/h4>\n\t\t\t\t\t\t<span class=\"tm-pos\">Posaune, Klavier, Musikunterricht<\/span>\n\t\t\t\t\t\t\t<p class=\"tm-text\">Fidelius ist ab September 2016 ein Jahr in Accra, um dort eine Blechblasklasse aufzubauen. Eine total \r\nungewohnte Umgebung, aber die Aussicht, sein wichtigstes Hobby ein Jahr lang intensiv aus\u00fcben zu \r\nk\u00f6nnen, wirkt Wunder.<\/p>\n\t\t\t\t\t\t\t<a href=\"https:\/\/netzwerk.musikerohnegrenzen.de\/members\/freacion\/\" class=\"tm-link\">Netzwerk<\/a>\t\t\t\t\t\t\t\t\t\t\t\t<\/div>\n\t\t\t\t<\/div><!-- end .tm-info -->\n\t\t\t\t<div class=\"tm-quote\">\n\t\t\t\t\t<p>Ein Jahr mal voll anders und dazu Posaune, traumhaft!<\/p>\n\t\t\t\t<\/div><!-- end .tm-quote -->\n\t\t\t<\/div><!-- end .team-box -->\n\n\t\t <\/li><li id=\"dorayaki_team-8\" class=\"widget widget_dorayaki_team\">\n\t\t\t<div class=\"team-box\">\n\t\t\t\t<div class=\"tm-info\">\n\t\t\t\t\t<img decoding=\"async\" src=\"https:\/\/accra.musikerohnegrenzen.de\/wp-content\/uploads\/2016\/08\/image-e1470566364614.jpeg\" alt=\"Marianne Girke\" class=\"tm-img\">\n\t\t\t\t\t<div class=\"tm-author\">\n\t\t\t\t\t\t<h4>Marianne Girke<\/h4>\n\t\t\t\t\t\t<span class=\"tm-pos\">Geige, Chor<\/span>\n\t\t\t\t\t\t\t<p class=\"tm-text\">Die Liebe zur Musik und Neugier auf eine fremde Kultur verbindet Marianne Girke mit dem MoG - Projekt in Ghana. Sie spielt Geige, singt gern und wird ab September in Accra unterrichten.<\/p>\n\t\t\t\t\t\t\t<a href=\"https:\/\/netzwerk.musikerohnegrenzen.de\/members\/mgirke\/\" class=\"tm-link\">Netzwerk<\/a>\t\t\t\t\t\t\t\t\t\t\t\t<\/div>\n\t\t\t\t<\/div><!-- end .tm-info -->\n\t\t\t\t<div class=\"tm-quote\">\n\t\t\t\t\t<p>Musik dr\u00fcckt viel vom menschlichen Dasein mit seinen H\u00f6hen und Tiefen aus und ist so \r\nundogmatisch, dass unterschiedlichste Menschen zueinander finden k\u00f6nnen. Daher m\u00f6chte ich mich f\u00fcr neue Perspektiven f\u00fcr Kinder und Jugendliche in Accra einsetzen.<\/p>\n\t\t\t\t<\/div><!-- end .tm-quote -->\n\t\t\t<\/div><!-- end .team-box -->\n\n\t\t <\/li><li id=\"dorayaki_team-9\" class=\"widget widget_dorayaki_team\">\n\t\t\t<div class=\"team-box\">\n\t\t\t\t<div class=\"tm-info\">\n\t\t\t\t\t<img decoding=\"async\" src=\"https:\/\/accra.musikerohnegrenzen.de\/wp-content\/uploads\/2016\/08\/imag0157_1-e1470422613123.jpg\" alt=\"Lukas Theise\" class=\"tm-img\">\n\t\t\t\t\t<div class=\"tm-author\">\n\t\t\t\t\t\t<h4>Lukas Theise<\/h4>\n\t\t\t\t\t\t<span class=\"tm-pos\">Klavier, Cello<\/span>\n\t\t\t\t\t\t\t<p class=\"tm-text\">Lukas Theise spielt Cello und Klavier. In Accra unterrichtet er die Celloanf\u00e4nger. Da z.Z. kein \r\nKontrabasslehrer in Accra zur Verf\u00fcgung steht, \u00fcbernimmt er vielleicht auch dieses \r\nInstrument.<\/p>\n\t\t\t\t\t\t\t<a href=\"https:\/\/netzwerk.musikerohnegrenzen.de\/members\/justsomeone\/\" class=\"tm-link\">Netzwerk<\/a>\t\t\t\t\t\t\t\t\t\t\t\t<\/div>\n\t\t\t\t<\/div><!-- end .tm-info -->\n\t\t\t\t<div class=\"tm-quote\">\n\t\t\t\t\t<p>Ohne Musik w\u00e4re das Leben ziemlich trist. Kindern, denen es sonst aus finanziellen \r\nGr\u00fcnden verwehrt geblieben w\u00e4re, sich musikalisch auszuleben, nun die M\u00f6glichkeit daf\u00fcr geben, ist daher f\u00fcr mich ein wichtiges Anliegen.<\/p>\n\t\t\t\t<\/div><!-- end .tm-quote -->\n\t\t\t<\/div><!-- end .team-box -->\n\n\t\t <\/li><\/ul><\/div><!-- widgets_on_page -->\n","protected":false},"excerpt":{"rendered":"","protected":false},"author":1,"featured_media":0,"parent":1052,"menu_order":0,"comment_status":"closed","ping_status":"closed","template":"page-templates\/full-width.php","meta":{"footnotes":""},"translation":{"provider":"WPGlobus","version":"2.12.2","language":"gb","enabled_languages":["de","gb"],"languages":{"de":{"title":true,"content":true,"excerpt":false},"gb":{"title":false,"content":false,"excerpt":false}}},"_links":{"self":[{"href":"https:\/\/accra.musikerohnegrenzen.de\/gb\/wp-json\/wp\/v2\/pages\/69"}],"collection":[{"href":"https:\/\/accra.musikerohnegrenzen.de\/gb\/wp-json\/wp\/v2\/pages"}],"about":[{"href":"https:\/\/accra.musikerohnegrenzen.de\/gb\/wp-json\/wp\/v2\/types\/page"}],"author":[{"embeddable":true,"href":"https:\/\/accra.musikerohnegrenzen.de\/gb\/wp-json\/wp\/v2\/users\/1"}],"replies":[{"embeddable":true,"href":"https:\/\/accra.musikerohnegrenzen.de\/gb\/wp-json\/wp\/v2\/comments?post=69"}],"version-history":[{"count":2,"href":"https:\/\/accra.musikerohnegrenzen.de\/gb\/wp-json\/wp\/v2\/pages\/69\/revisions"}],"predecessor-version":[{"id":2014,"href":"https:\/\/accra.musikerohnegrenzen.de\/gb\/wp-json\/wp\/v2\/pages\/69\/revisions\/2014"}],"up":[{"embeddable":true,"href":"https:\/\/accra.musikerohnegrenzen.de\/gb\/wp-json\/wp\/v2\/pages\/1052"}],"wp:attachment":[{"href":"https:\/\/accra.musikerohnegrenzen.de\/gb\/wp-json\/wp\/v2\/media?parent=69"}],"curies":[{"name":"wp","href":"https:\/\/api.w.org\/{rel}","templated":true}]}}