{"id":670,"date":"2018-04-09T00:49:50","date_gmt":"2018-04-08T22:49:50","guid":{"rendered":"https:\/\/accra.musikerohnegrenzen.de\/?page_id=670"},"modified":"2022-07-05T18:39:47","modified_gmt":"2022-07-05T16:39:47","slug":"team-2018","status":"publish","type":"page","link":"https:\/\/accra.musikerohnegrenzen.de\/gb\/ueber-uns\/team\/team-2018\/","title":{"rendered":"Team 2018"},"content":{"rendered":"<div id='11' class='widgets_on_page wop_tiny1  wop_small1  wop_medium1  wop_large1  wop_wide1'>\n\t\t\t<ul><li id=\"dorayaki_team-13\" class=\"widget widget_dorayaki_team\">\n\t\t\t<div class=\"team-box\">\n\t\t\t\t<div class=\"tm-info\">\n\t\t\t\t\t<img decoding=\"async\" src=\"https:\/\/accra.musikerohnegrenzen.de\/wp-content\/uploads\/2018\/04\/Mila-Graf.jpg\" alt=\"Mila Graf\" class=\"tm-img\">\n\t\t\t\t\t<div class=\"tm-author\">\n\t\t\t\t\t\t<h4>Mila Graf<\/h4>\n\t\t\t\t\t\t<span class=\"tm-pos\">Cello<\/span>\n\t\t\t\t\t\t\t<p class=\"tm-text\">Nach dem Abi geht es nach Accra, Ghana. Ein jahr lang mit anderen grenzenlosen MusikerInnen ein neues Land, neue Menschen, eine neue Kultur und neue Musik kennenlernen. Im Cellounterricht, Chor- und Orchesterprobe miteinander und voneinander lernen, Erfahrungen teilen und miteinander lachen \ud83d\ude42<\/p>\n\t\t\t\t\t\t\t<a href=\"https:\/\/netzwerk.musikerohnegrenzen.de\/members\/mila99\/\" class=\"tm-link\">Netzwerk<\/a>\t\t\t\t\t\t\t\t\t\t\t\t<\/div>\n\t\t\t\t<\/div><!-- end .tm-info -->\n\t\t\t\t<div class=\"tm-quote\">\n\t\t\t\t\t<p>Musik, die man teilt, baut Br\u00fccken \u00fcber Grenzen hinweg. Dabei ist es egal zu wem, wo und wie, entscheidend ist die Leidenschaft...<\/p>\n\t\t\t\t<\/div><!-- end .tm-quote -->\n\t\t\t<\/div><!-- end .team-box -->\n\n\t\t <\/li><li id=\"dorayaki_team-14\" class=\"widget widget_dorayaki_team\">\n\t\t\t<div class=\"team-box\">\n\t\t\t\t<div class=\"tm-info\">\n\t\t\t\t\t<img decoding=\"async\" src=\"https:\/\/accra.musikerohnegrenzen.de\/wp-content\/uploads\/2018\/04\/Liza-Schonlau.jpg\" alt=\"Liza Schonlau\" class=\"tm-img\">\n\t\t\t\t\t<div class=\"tm-author\">\n\t\t\t\t\t\t<h4>Liza Schonlau<\/h4>\n\t\t\t\t\t\t<span class=\"tm-pos\">Klavier, Gesang<\/span>\n\t\t\t\t\t\t\t<p class=\"tm-text\">F\u00fcr Liza geht es nun auf nach Ghana. Am meisten freut sie sich darauf, ihre Begeisterung f\u00fcr Musik jeden Tag mit den Sch\u00fclern und Lehrern vor Ort teilen zu k\u00f6nnen. Spannend wird vor allem der Austausch von Ideen, Wissen und Meinungen zu dem Konzept Musik und Musikp\u00e4dagogik!<\/p>\n\t\t\t\t\t\t\t<a href=\"https:\/\/netzwerk.musikerohnegrenzen.de\/members\/lischo\/\" class=\"tm-link\">Netzwerk<\/a>\t\t\t\t\t\t\t\t\t\t\t\t<\/div>\n\t\t\t\t<\/div><!-- end .tm-info -->\n\t\t\t\t<div class=\"tm-quote\">\n\t\t\t\t\t<p>Musik als Weltsprache!<\/p>\n\t\t\t\t<\/div><!-- end .tm-quote -->\n\t\t\t<\/div><!-- end .team-box -->\n\n\t\t <\/li><li id=\"dorayaki_team-15\" class=\"widget widget_dorayaki_team\">\n\t\t\t<div class=\"team-box\">\n\t\t\t\t<div class=\"tm-info\">\n\t\t\t\t\t<img decoding=\"async\" src=\"https:\/\/accra.musikerohnegrenzen.de\/wp-content\/uploads\/2018\/05\/Maike-H\u00e4mmerle.jpg\" alt=\"Maike H\u00e4mmerle\" class=\"tm-img\">\n\t\t\t\t\t<div class=\"tm-author\">\n\t\t\t\t\t\t<h4>Maike H\u00e4mmerle<\/h4>\n\t\t\t\t\t\t<span class=\"tm-pos\">Klarinette<\/span>\n\t\t\t\t\t\t\t<p class=\"tm-text\"><\/p>\n\t\t\t\t\t\t\t<a href=\"https:\/\/netzwerk.musikerohnegrenzen.de\/members\/maike1999\/\" class=\"tm-link\">Netzwerk<\/a>\t\t\t\t\t\t\t\t\t\t\t\t<\/div>\n\t\t\t\t<\/div><!-- end .tm-info -->\n\t\t\t\t<div class=\"tm-quote\">\n\t\t\t\t\t<p><\/p>\n\t\t\t\t<\/div><!-- end .tm-quote -->\n\t\t\t<\/div><!-- end .team-box -->\n\n\t\t <\/li><li id=\"dorayaki_team-16\" class=\"widget widget_dorayaki_team\">\n\t\t\t<div class=\"team-box\">\n\t\t\t\t<div class=\"tm-info\">\n\t\t\t\t\t<img decoding=\"async\" src=\"https:\/\/accra.musikerohnegrenzen.de\/wp-content\/uploads\/2018\/06\/Lien-Eiken-Nonn-240.jpg\" alt=\"Lien Eiken Nonn\" class=\"tm-img\">\n\t\t\t\t\t<div class=\"tm-author\">\n\t\t\t\t\t\t<h4>Lien Eiken Nonn<\/h4>\n\t\t\t\t\t\t<span class=\"tm-pos\">Cello, Instrumental- und Schulmusikunterricht<\/span>\n\t\t\t\t\t\t\t<p class=\"tm-text\">Eiken freut sich riesig dar\u00fcber, in ihren 3 Monaten in Ghana ihre Freude am Cellospielen mit ihren Sch\u00fclerinnen und Sch\u00fclern zu teilen und dabei so viel Neues lernen und erfahren zu d\u00fcrfen! Eine gro\u00dfartige Chance!<\/p>\n\t\t\t\t\t\t\t<a href=\"https:\/\/netzwerk.musikerohnegrenzen.de\/members\/eikennonn\/\" class=\"tm-link\">Netzwerk<\/a>\t\t\t\t\t\t\t\t\t\t\t\t<\/div>\n\t\t\t\t<\/div><!-- end .tm-info -->\n\t\t\t\t<div class=\"tm-quote\">\n\t\t\t\t\t<p>Musik ist etwas, was jeder versteht und alle verbindet, \u00fcberall auf der Welt!\r\n<\/p>\n\t\t\t\t<\/div><!-- end .tm-quote -->\n\t\t\t<\/div><!-- end .team-box -->\n\n\t\t <\/li><li id=\"dorayaki_team-17\" class=\"widget widget_dorayaki_team\">\n\t\t\t<div class=\"team-box\">\n\t\t\t\t<div class=\"tm-info\">\n\t\t\t\t\t<img decoding=\"async\" src=\"https:\/\/accra.musikerohnegrenzen.de\/wp-content\/uploads\/2018\/11\/Friederike-Lehnert-240.jpg\" alt=\"Friederike Lehnert\" class=\"tm-img\">\n\t\t\t\t\t<div class=\"tm-author\">\n\t\t\t\t\t\t<h4>Friederike Lehnert<\/h4>\n\t\t\t\t\t\t<span class=\"tm-pos\">Klarinette<\/span>\n\t\t\t\t\t\t\t<p class=\"tm-text\">Friederike (Fritte) freut sich schon wie Bolle f\u00fcr 7 Monate nach Accra, Ghana zu fliegen, dort an verschiedenen Projektstandorten Klarinette zu unterrichten, neue Freunde zu treffen, ganz viel Unbekanntes zu entdecken und den Spa\u00df an der Musik so gut wie m\u00f6glich zu vermitteln \ud83d\ude42<\/p>\n\t\t\t\t\t\t\t\t\t\t\t\t\t\t\t\t\t\t\t<\/div>\n\t\t\t\t<\/div><!-- end .tm-info -->\n\t\t\t\t<div class=\"tm-quote\">\n\t\t\t\t\t<p><\/p>\n\t\t\t\t<\/div><!-- end .tm-quote -->\n\t\t\t<\/div><!-- end .team-box -->\n\n\t\t <\/li><li id=\"dorayaki_team-18\" class=\"widget widget_dorayaki_team\">\n\t\t\t<div class=\"team-box\">\n\t\t\t\t<div class=\"tm-info\">\n\t\t\t\t\t<img decoding=\"async\" src=\"https:\/\/accra.musikerohnegrenzen.de\/wp-content\/uploads\/2019\/01\/Katja-Schroeder-240.jpg\" alt=\"Katja Schr\u00f6der\" class=\"tm-img\">\n\t\t\t\t\t<div class=\"tm-author\">\n\t\t\t\t\t\t<h4>Katja Schr\u00f6der<\/h4>\n\t\t\t\t\t\t<span class=\"tm-pos\">Trompete, Klavier, Gesang; Freiwillige in Ghana<\/span>\n\t\t\t\t\t\t\t<p class=\"tm-text\">Katja unterrichtet Trompete, Posaune und Theorie an mehreren Schulen in Accra. Es freut sie total im Projekt mit dabei zu sein und so den Spa\u00df und die Begeisterung an der Musik und dem Erreichen eines gemeinsamen Ziels weiterzugeben.<\/p>\n\t\t\t\t\t\t\t\t\t\t\t\t\t\t\t\t\t\t\t<\/div>\n\t\t\t\t<\/div><!-- end .tm-info -->\n\t\t\t\t<div class=\"tm-quote\">\n\t\t\t\t\t<p>vissi d'arte, vissi d'amore<\/p>\n\t\t\t\t<\/div><!-- end .tm-quote -->\n\t\t\t<\/div><!-- end .team-box -->\n\n\t\t <\/li><li id=\"dorayaki_team-21\" class=\"widget widget_dorayaki_team\">\n\t\t\t<div class=\"team-box\">\n\t\t\t\t<div class=\"tm-info\">\n\t\t\t\t\t<img decoding=\"async\" src=\"https:\/\/accra.musikerohnegrenzen.de\/wp-content\/uploads\/2019\/03\/Ricarda-Kreutz-240.jpg\" alt=\"Ricarda Kreutz\" class=\"tm-img\">\n\t\t\t\t\t<div class=\"tm-author\">\n\t\t\t\t\t\t<h4>Ricarda Kreutz<\/h4>\n\t\t\t\t\t\t<span class=\"tm-pos\">Geige<\/span>\n\t\t\t\t\t\t\t<p class=\"tm-text\">Ricarda genie\u00dft ihr halbes Jahr in Accra und m\u00f6chte den Sch\u00fclern die Freude am Musik machen nahelegen. Gleichzeitig lernt sie durch MoG superviele spannende Orte und Menschen kennen.<\/p>\n\t\t\t\t\t\t\t\t\t\t\t\t\t\t\t\t\t\t\t<\/div>\n\t\t\t\t<\/div><!-- end .tm-info -->\n\t\t\t\t<div class=\"tm-quote\">\n\t\t\t\t\t<p>Die Musik spricht f\u00fcr sich allein. Vorausgesetzt, man gibt ihr eine Chance.\r\n- Menuhin<\/p>\n\t\t\t\t<\/div><!-- end .tm-quote -->\n\t\t\t<\/div><!-- end .team-box -->\n\n\t\t <\/li><\/ul><\/div><!-- widgets_on_page -->\n","protected":false},"excerpt":{"rendered":"","protected":false},"author":3,"featured_media":0,"parent":1052,"menu_order":0,"comment_status":"closed","ping_status":"closed","template":"page-templates\/full-width.php","meta":{"footnotes":""},"translation":{"provider":"WPGlobus","version":"2.12.2","language":"gb","enabled_languages":["de","gb"],"languages":{"de":{"title":true,"content":true,"excerpt":false},"gb":{"title":false,"content":false,"excerpt":false}}},"_links":{"self":[{"href":"https:\/\/accra.musikerohnegrenzen.de\/gb\/wp-json\/wp\/v2\/pages\/670"}],"collection":[{"href":"https:\/\/accra.musikerohnegrenzen.de\/gb\/wp-json\/wp\/v2\/pages"}],"about":[{"href":"https:\/\/accra.musikerohnegrenzen.de\/gb\/wp-json\/wp\/v2\/types\/page"}],"author":[{"embeddable":true,"href":"https:\/\/accra.musikerohnegrenzen.de\/gb\/wp-json\/wp\/v2\/users\/3"}],"replies":[{"embeddable":true,"href":"https:\/\/accra.musikerohnegrenzen.de\/gb\/wp-json\/wp\/v2\/comments?post=670"}],"version-history":[{"count":2,"href":"https:\/\/accra.musikerohnegrenzen.de\/gb\/wp-json\/wp\/v2\/pages\/670\/revisions"}],"predecessor-version":[{"id":2015,"href":"https:\/\/accra.musikerohnegrenzen.de\/gb\/wp-json\/wp\/v2\/pages\/670\/revisions\/2015"}],"up":[{"embeddable":true,"href":"https:\/\/accra.musikerohnegrenzen.de\/gb\/wp-json\/wp\/v2\/pages\/1052"}],"wp:attachment":[{"href":"https:\/\/accra.musikerohnegrenzen.de\/gb\/wp-json\/wp\/v2\/media?parent=670"}],"curies":[{"name":"wp","href":"https:\/\/api.w.org\/{rel}","templated":true}]}}