{"id":67,"date":"2015-06-26T18:54:20","date_gmt":"2015-06-26T16:54:20","guid":{"rendered":"http:\/\/accra.musikerohnegrenzen.de\/?page_id=67"},"modified":"2024-04-03T19:15:41","modified_gmt":"2024-04-03T17:15:41","slug":"ueber-uns","status":"publish","type":"page","link":"https:\/\/accra.musikerohnegrenzen.de\/gb\/ueber-uns\/","title":{"rendered":"\u00dcber uns"},"content":{"rendered":"<p>Musiker ohne Grenzen e.V. begr\u00fcndet ein weltweites Netzwerk kreativer Musikprojekte, um Menschen einander n\u00e4her zu bringen und ihnen unabh\u00e4ngig von ihrer Lebenssituation einen Zugang zur Musik zu erm\u00f6glichen.<br \/>\nWir vermitteln MusikerInnen und Sachspenden, welche die Projekte in ihrer Arbeit unterst\u00fctzen.<br \/>\nMithilfe der Musik verbessern wir die Lebenswirklichkeit in sozialen Brennpunkten: Die Musik ebnet den Weg zur Selbstverwirklichung und ist ein Medium, sich selbst auszudr\u00fccken sowie die eigene Realit\u00e4t zu artikulieren.<br \/>\nDurch die musikalische Arbeit bieten wir Alternativen zu einer kriminellen Karriere und dem sozialen Abseits.<br \/>\nUnsere Arbeit sensibilisiert alle Beteiligten stark f\u00fcr das Thema sozialer Verantwortung.<br \/>\nIn diesem Prozess werden wir selbst zu Lernenden \u2013 und unsere Sch\u00fclerInnen zu LehrerInnen.<\/p>\n<p>Musiker ohne Grenzen e.V. lebt durch das Engagement einer gro\u00dfen Gemeinschaft. F\u00fcr die Finanzierung ist das Projekt auf die Unterst\u00fctzung von Spenden, F\u00f6rderern und Stiftungen angewiesen.<\/p>\n<h2 class=\"centered\"><span>Vision<\/span><\/h2>\n<p>Wir glauben an die Kraft der Musik. Wenn das Leben von h\u00e4uslicher Gewalt, von Korruption, von Hunger und unzureichender Sicherstellung menschlicher Grundbed\u00fcrfnisse beeinflusst wird, kann Musik ein Motor sein, eine Welt zu schaffen, in der Grundbed\u00fcrfnisse befriedigt und Lebensmut gefasst wird.<\/p>\n<p>Musik stillt zwar keinen Hunger, aber sie ist Grundnahrungsmittel f\u00fcr die Seele.<br \/>\nMusik sch\u00fctzt nicht vor Schl\u00e4gen, doch heilt sie Wunden.<br \/>\nMusik ist keine Sprache, doch kann sich jede\/r durch sie ausdr\u00fccken.<br \/>\nMusik schafft keinen Weltfrieden, doch baut sie Br\u00fccken zwischen Kulturen.<\/p>\n<p>Kurz: Musik \u00fcberwindet Grenzen.<\/p>\n<p>Musiker ohne Grenzen e.V. m\u00f6chte Kindern, Jugendlichen und Erwachsenen in weltweiten Projekten das Erlernen eines Instrumentes erm\u00f6glichen und durch die Kraft der Musik sozialen Wandel ansto\u00dfen.<\/p>\n<h2 class=\"centered\"><span>Leitbild<\/span><\/h2>\n<p>Wir arbeiten auf Augenh\u00f6he und sto\u00dfen nachhaltige Entwicklungen an.<br \/>\nWir respektieren andere Kulturen. Wir lernen von ihnen.<br \/>\nWir bewahren und f\u00f6rdern Identit\u00e4ten.<br \/>\nWir nehmen an.<br \/>\nWir leben mit und bei den Sch\u00fclerInnen.<br \/>\nWir motivieren Sch\u00fclerInnen, ihrerseits zu Lehrenden zu werden.<br \/>\nWir handeln nach dem Leitmotiv der Hochschule f\u00fcr Musik und Theater Hamburg: \u201eK\u00fcnstlerische Exzellenz in gesellschaftlicher Verantwortung\u201c.<\/p>\n","protected":false},"excerpt":{"rendered":"<p>Musiker ohne Grenzen e.V. begr\u00fcndet ein weltweites Netzwerk kreativer Musikprojekte, um Menschen einander n\u00e4her zu bringen und ihnen unabh\u00e4ngig von ihrer Lebenssituation einen Zugang zur Musik zu erm\u00f6glichen. Wir vermitteln MusikerInnen und Sachspenden, welche die Projekte in ihrer Arbeit unterst\u00fctzen. Mithilfe der Musik verbessern wir die &hellip; <\/p>\n<p><a href=\"https:\/\/accra.musikerohnegrenzen.de\/gb\/ueber-uns\/\" class=\"more-link\"><span class=\"morelink-icon\">Read more<\/span><\/a><\/p>\n","protected":false},"author":1,"featured_media":0,"parent":0,"menu_order":0,"comment_status":"closed","ping_status":"closed","template":"page-templates\/no-sidebar.php","meta":{"footnotes":""},"translation":{"provider":"WPGlobus","version":"2.12.2","language":"gb","enabled_languages":["de","gb"],"languages":{"de":{"title":true,"content":true,"excerpt":false},"gb":{"title":false,"content":false,"excerpt":false}}},"_links":{"self":[{"href":"https:\/\/accra.musikerohnegrenzen.de\/gb\/wp-json\/wp\/v2\/pages\/67"}],"collection":[{"href":"https:\/\/accra.musikerohnegrenzen.de\/gb\/wp-json\/wp\/v2\/pages"}],"about":[{"href":"https:\/\/accra.musikerohnegrenzen.de\/gb\/wp-json\/wp\/v2\/types\/page"}],"author":[{"embeddable":true,"href":"https:\/\/accra.musikerohnegrenzen.de\/gb\/wp-json\/wp\/v2\/users\/1"}],"replies":[{"embeddable":true,"href":"https:\/\/accra.musikerohnegrenzen.de\/gb\/wp-json\/wp\/v2\/comments?post=67"}],"version-history":[{"count":7,"href":"https:\/\/accra.musikerohnegrenzen.de\/gb\/wp-json\/wp\/v2\/pages\/67\/revisions"}],"predecessor-version":[{"id":2120,"href":"https:\/\/accra.musikerohnegrenzen.de\/gb\/wp-json\/wp\/v2\/pages\/67\/revisions\/2120"}],"wp:attachment":[{"href":"https:\/\/accra.musikerohnegrenzen.de\/gb\/wp-json\/wp\/v2\/media?parent=67"}],"curies":[{"name":"wp","href":"https:\/\/api.w.org\/{rel}","templated":true}]}}