{"id":509,"date":"2017-06-17T21:46:01","date_gmt":"2017-06-17T19:46:01","guid":{"rendered":"http:\/\/accra.musikerohnegrenzen.de\/?page_id=509"},"modified":"2022-07-05T18:40:02","modified_gmt":"2022-07-05T16:40:02","slug":"team-2017","status":"publish","type":"page","link":"https:\/\/accra.musikerohnegrenzen.de\/gb\/ueber-uns\/team\/team-2017\/","title":{"rendered":"Team 2017"},"content":{"rendered":"<div id='7' class='widgets_on_page wop_tiny1  wop_small1  wop_medium1  wop_large1  wop_wide1'>\n\t\t\t<ul><li id=\"dorayaki_team-2\" class=\"widget widget_dorayaki_team\">\n\t\t\t<div class=\"team-box\">\n\t\t\t\t<div class=\"tm-info\">\n\t\t\t\t\t<img decoding=\"async\" src=\"https:\/\/accra.musikerohnegrenzen.de\/wp-content\/uploads\/2017\/05\/Annika-Wegner.jpg\" alt=\"Annika Wegner\" class=\"tm-img\">\n\t\t\t\t\t<div class=\"tm-author\">\n\t\t\t\t\t\t<h4>Annika Wegner<\/h4>\n\t\t\t\t\t\t<span class=\"tm-pos\">Querfl\u00f6te, Instrumental - und Musikunterricht<\/span>\n\t\t\t\t\t\t\t<p class=\"tm-text\">Das Abi endlich in der Tasche kann Annika es kaum erwarten, im \r\nSeptember mit ihrer Querfl\u00f6te nach Ghana zu gehen und dort zu \r\nunterrichten.  Durch die Musik gleichzeitig vor Ort neue Perspektiven zu geben und selber neue Erfahrungen zu machen, das ist, worauf sie sich besonders freut.<\/p>\n\t\t\t\t\t\t\t<a href=\"https:\/\/netzwerk.musikerohnegrenzen.de\/members\/anniwgnr\/\" class=\"tm-link\">Netzwerk<\/a>\t\t\t\t\t\t\t\t\t\t\t\t<\/div>\n\t\t\t\t<\/div><!-- end .tm-info -->\n\t\t\t\t<div class=\"tm-quote\">\n\t\t\t\t\t<p>Jedes Kind sollte die M\u00f6glichkeit haben, die Musik f\u00fcr sich zu \r\nentdecken und zu einem so wichtigen Bestandteil des Lebens werden zu lassen, wie sie es f\u00fcr mich ist!<\/p>\n\t\t\t\t<\/div><!-- end .tm-quote -->\n\t\t\t<\/div><!-- end .team-box -->\n\n\t\t <\/li><li id=\"dorayaki_team-3\" class=\"widget widget_dorayaki_team\">\n\t\t\t<div class=\"team-box\">\n\t\t\t\t<div class=\"tm-info\">\n\t\t\t\t\t<img decoding=\"async\" src=\"https:\/\/accra.musikerohnegrenzen.de\/wp-content\/uploads\/2017\/05\/Maria-Gruendel.jpg\" alt=\"Maria Gr\u00fcndel\" class=\"tm-img\">\n\t\t\t\t\t<div class=\"tm-author\">\n\t\t\t\t\t\t<h4>Maria Gr\u00fcndel<\/h4>\n\t\t\t\t\t\t<span class=\"tm-pos\">Querfl\u00f6te, Chorarbeit, (Schul-)Musikunterricht<\/span>\n\t\t\t\t\t\t\t<p class=\"tm-text\">F\u00fcr Maria ist es nun an der Zeit, auch bei Kindern au\u00dferhalb \r\nDeutschlands die Freude an der Musik zu wecken. So werden sie \r\nhoffentlich bald selbst ihre Begeisterung am Singen und Musizieren an andere Menschen weitergeben k\u00f6nnen und davon erz\u00e4hlen, was Musik alles bewegen kann.<\/p>\n\t\t\t\t\t\t\t<a href=\"https:\/\/netzwerk.musikerohnegrenzen.de\/members\/mariagruen\/\" class=\"tm-link\">Netzwerk<\/a>\t\t\t\t\t\t\t\t\t\t\t\t<\/div>\n\t\t\t\t<\/div><!-- end .tm-info -->\n\t\t\t\t<div class=\"tm-quote\">\n\t\t\t\t\t<p>Musik bewegt!<\/p>\n\t\t\t\t<\/div><!-- end .tm-quote -->\n\t\t\t<\/div><!-- end .team-box -->\n\n\t\t <\/li><li id=\"dorayaki_team-4\" class=\"widget widget_dorayaki_team\">\n\t\t\t<div class=\"team-box\">\n\t\t\t\t<div class=\"tm-info\">\n\t\t\t\t\t<img decoding=\"async\" src=\"https:\/\/accra.musikerohnegrenzen.de\/wp-content\/uploads\/2017\/05\/Judith-Hopfhauer.jpg\" alt=\"Judith Hopfhauer\" class=\"tm-img\">\n\t\t\t\t\t<div class=\"tm-author\">\n\t\t\t\t\t\t<h4>Judith Hopfhauer<\/h4>\n\t\t\t\t\t\t<span class=\"tm-pos\">Cello, Gesang, Chorleitung<\/span>\n\t\t\t\t\t\t\t<p class=\"tm-text\">Mit MoG hat Judith genau das gefunden, was sie nach dem Abitur machen will: ein l\u00e4ngerer Auslandsaufenthalt, bei dem Musik den Ton angibt! Sie freut sich auf ganz viele neue Erfahrungen und Erlebnisse mit den Menschen vor Ort bei tropischen Temperaturen.<\/p>\n\t\t\t\t\t\t\t<a href=\"https:\/\/netzwerk.musikerohnegrenzen.de\/members\/judith99\/\" class=\"tm-link\">Netzwerk<\/a>\t\t\t\t\t\t\t\t\t\t\t\t<\/div>\n\t\t\t\t<\/div><!-- end .tm-info -->\n\t\t\t\t<div class=\"tm-quote\">\n\t\t\t\t\t<p>Sei du selbst die Ver\u00e4nderung f\u00fcr diese Welt, die du dir w\u00fcnschst.<\/p>\n\t\t\t\t<\/div><!-- end .tm-quote -->\n\t\t\t<\/div><!-- end .team-box -->\n\n\t\t <\/li><li id=\"dorayaki_team-5\" class=\"widget widget_dorayaki_team\">\n\t\t\t<div class=\"team-box\">\n\t\t\t\t<div class=\"tm-info\">\n\t\t\t\t\t<img decoding=\"async\" src=\"https:\/\/accra.musikerohnegrenzen.de\/wp-content\/uploads\/2017\/05\/Clara-Hampel.jpg\" alt=\"Clara Hampel\" class=\"tm-img\">\n\t\t\t\t\t<div class=\"tm-author\">\n\t\t\t\t\t\t<h4>Clara Hampel<\/h4>\n\t\t\t\t\t\t<span class=\"tm-pos\">Geige, Klavier (Instrumental- und Theorieunterricht)<\/span>\n\t\t\t\t\t\t\t<p class=\"tm-text\">Nach der H\u00e4lfte ihres Musikstudiums ist es f\u00fcr Clara ein g\u00fcnstiger Zeitpunkt, eine Z\u00e4sur zu machen und neue p\u00e4dagogische und musikalische Impulse zu erhalten. Dabei hofft sie, in einem Land wie Ghana neue kulturelle Erfahrungen zu sammeln und ihre musikalischen Erfahrungen weitergeben zu k\u00f6nnen.<\/p>\n\t\t\t\t\t\t\t<a href=\"https:\/\/netzwerk.musikerohnegrenzen.de\/members\/c-s-hampelgooglemai-com\/\" class=\"tm-link\">Netzwerk<\/a>\t\t\t\t\t\t\t\t\t\t\t\t<\/div>\n\t\t\t\t<\/div><!-- end .tm-info -->\n\t\t\t\t<div class=\"tm-quote\">\n\t\t\t\t\t<p>Musik gibt mir immer wieder die Kraft, die ich brauche!<\/p>\n\t\t\t\t<\/div><!-- end .tm-quote -->\n\t\t\t<\/div><!-- end .team-box -->\n\n\t\t <\/li><\/ul><\/div><!-- widgets_on_page -->\n","protected":false},"excerpt":{"rendered":"","protected":false},"author":3,"featured_media":0,"parent":1052,"menu_order":0,"comment_status":"closed","ping_status":"closed","template":"page-templates\/full-width.php","meta":{"footnotes":""},"translation":{"provider":"WPGlobus","version":"2.12.2","language":"gb","enabled_languages":["de","gb"],"languages":{"de":{"title":true,"content":true,"excerpt":false},"gb":{"title":false,"content":false,"excerpt":false}}},"_links":{"self":[{"href":"https:\/\/accra.musikerohnegrenzen.de\/gb\/wp-json\/wp\/v2\/pages\/509"}],"collection":[{"href":"https:\/\/accra.musikerohnegrenzen.de\/gb\/wp-json\/wp\/v2\/pages"}],"about":[{"href":"https:\/\/accra.musikerohnegrenzen.de\/gb\/wp-json\/wp\/v2\/types\/page"}],"author":[{"embeddable":true,"href":"https:\/\/accra.musikerohnegrenzen.de\/gb\/wp-json\/wp\/v2\/users\/3"}],"replies":[{"embeddable":true,"href":"https:\/\/accra.musikerohnegrenzen.de\/gb\/wp-json\/wp\/v2\/comments?post=509"}],"version-history":[{"count":2,"href":"https:\/\/accra.musikerohnegrenzen.de\/gb\/wp-json\/wp\/v2\/pages\/509\/revisions"}],"predecessor-version":[{"id":560,"href":"https:\/\/accra.musikerohnegrenzen.de\/gb\/wp-json\/wp\/v2\/pages\/509\/revisions\/560"}],"up":[{"embeddable":true,"href":"https:\/\/accra.musikerohnegrenzen.de\/gb\/wp-json\/wp\/v2\/pages\/1052"}],"wp:attachment":[{"href":"https:\/\/accra.musikerohnegrenzen.de\/gb\/wp-json\/wp\/v2\/media?parent=509"}],"curies":[{"name":"wp","href":"https:\/\/api.w.org\/{rel}","templated":true}]}}