{"id":1908,"date":"2023-09-09T11:19:26","date_gmt":"2023-09-09T09:19:26","guid":{"rendered":"https:\/\/accra.musikerohnegrenzen.de\/?page_id=1908"},"modified":"2024-06-16T16:00:59","modified_gmt":"2024-06-16T14:00:59","slug":"team-2023","status":"publish","type":"page","link":"https:\/\/accra.musikerohnegrenzen.de\/gb\/ueber-uns\/team\/team-2023\/","title":{"rendered":"Team 2023"},"content":{"rendered":"<div id='Team_2023' class='widgets_on_page wop_tiny1  wop_small1  wop_medium1  wop_large1  wop_wide1'>\n\t\t\t<ul><li id=\"dorayaki_team-37\" class=\"widget widget_dorayaki_team\">\n\t\t\t<div class=\"team-box\">\n\t\t\t\t<div class=\"tm-info\">\n\t\t\t\t\t<img decoding=\"async\" src=\"https:\/\/accra.musikerohnegrenzen.de\/wp-content\/uploads\/2023\/09\/Paula-Trueper-500.jpg\" alt=\"Paula Tr\u00fcper\" class=\"tm-img\">\n\t\t\t\t\t<div class=\"tm-author\">\n\t\t\t\t\t\t<h4>Paula Tr\u00fcper<\/h4>\n\t\t\t\t\t\t<span class=\"tm-pos\">Querfl\u00f6te<\/span>\n\t\t\t\t\t\t\t<p class=\"tm-text\">Paula spielt seit 11 Jahren Querfl\u00f6te und singt seit 13 Jahren im Chor. Sie m\u00f6chte gerne neue Kulturen kennenlernen und es Kindern erm\u00f6glichen, Musik zu machen.<\/p>\n\t\t\t\t\t\t\t<a href=\"https:\/\/netzwerk.musikerohnegrenzen.de\/members\/paulat\/\" class=\"tm-link\">Netzwerk<\/a>\t\t\t\t\t\t\t\t\t\t\t\t<\/div>\n\t\t\t\t<\/div><!-- end .tm-info -->\n\t\t\t\t<div class=\"tm-quote\">\n\t\t\t\t\t<p>Um Kindern die M\u00f6glichkeit zu bieten Musik zumachen und die Welt kennenzulernen.<\/p>\n\t\t\t\t<\/div><!-- end .tm-quote -->\n\t\t\t<\/div><!-- end .team-box -->\n\n\t\t <\/li><li id=\"dorayaki_team-38\" class=\"widget widget_dorayaki_team\">\n\t\t\t<div class=\"team-box\">\n\t\t\t\t<div class=\"tm-info\">\n\t\t\t\t\t<img decoding=\"async\" src=\"https:\/\/accra.musikerohnegrenzen.de\/wp-content\/uploads\/2023\/10\/Emilie-Widmer-500.jpg\" alt=\"Emilie Widmer\" class=\"tm-img\">\n\t\t\t\t\t<div class=\"tm-author\">\n\t\t\t\t\t\t<h4>Emilie Widmer<\/h4>\n\t\t\t\t\t\t<span class=\"tm-pos\">Klarinette, Klavier<\/span>\n\t\t\t\t\t\t\t<p class=\"tm-text\">Emilie spielt schon seit der Grundschule gerne Klarinette- egal ob alleine oder in einem Orchester. Nach dem Abitur fliegt sie nun mit \u201eMusiker ohne Grenzen\u201c nach Accra, um dort mit anderen musikbegeisterten Kindern & Jugendlichen zu musizieren und eine andere (Musik-)Kultur kennenzulernen.<\/p>\n\t\t\t\t\t\t\t<a href=\"https:\/\/url.musikerohnegrenzen.de\/4\" class=\"tm-link\">Netzwerk<\/a>\t\t\t\t\t\t\t\t\t\t\t\t<\/div>\n\t\t\t\t<\/div><!-- end .tm-info -->\n\t\t\t\t<div class=\"tm-quote\">\n\t\t\t\t\t<p>Musik ist \u00fcberall und so unterschiedlich- trotzdem vereint sie uns alle.<\/p>\n\t\t\t\t<\/div><!-- end .tm-quote -->\n\t\t\t<\/div><!-- end .team-box -->\n\n\t\t <\/li><li id=\"dorayaki_team-39\" class=\"widget widget_dorayaki_team\">\n\t\t\t<div class=\"team-box\">\n\t\t\t\t<div class=\"tm-info\">\n\t\t\t\t\t<img decoding=\"async\" src=\"https:\/\/playas.musikerohnegrenzen.de\/wp-content\/uploads\/2023\/12\/Joris-Heese-500.jpg\" alt=\"Joris Heese\" class=\"tm-img\">\n\t\t\t\t\t<div class=\"tm-author\">\n\t\t\t\t\t\t<h4>Joris Heese<\/h4>\n\t\t\t\t\t\t<span class=\"tm-pos\">Geige, Trompete, Gitarre<\/span>\n\t\t\t\t\t\t\t<p class=\"tm-text\">Joris macht schon sehr lange Musik in verschiedensten Formen. Mal im Orchester, in Bands, in p\u00e4dagogischer Form oder auch alleine. Ihn interessiert der kulturelle Austausch sehr.\r\nDie M\u00f6glichkeit, anderen Perspektiven in der Musik zu bieten, machte MoG f\u00fcr ihn das passende Projekt.<\/p>\n\t\t\t\t\t\t\t<a href=\"https:\/\/netzwerk.musikerohnegrenzen.de\/members\/jorisheese\/\" class=\"tm-link\">Netzwerk<\/a>\t\t\t\t\t\t\t\t\t\t\t\t<\/div>\n\t\t\t\t<\/div><!-- end .tm-info -->\n\t\t\t\t<div class=\"tm-quote\">\n\t\t\t\t\t<p>Mit meiner musikalischen Arbeit hoffe ich Menschen M\u00f6glichkeiten zum lernen zu bieten, w\u00e4hrend ich selber so unglaublich viel lerne.<\/p>\n\t\t\t\t<\/div><!-- end .tm-quote -->\n\t\t\t<\/div><!-- end .team-box -->\n\n\t\t <\/li><li id=\"dorayaki_team-40\" class=\"widget widget_dorayaki_team\">\n\t\t\t<div class=\"team-box\">\n\t\t\t\t<div class=\"tm-info\">\n\t\t\t\t\t<img decoding=\"async\" src=\"https:\/\/accra.musikerohnegrenzen.de\/wp-content\/uploads\/2024\/03\/Emil-Stepanek-500.jpg\" alt=\"Emil Stepanek\" class=\"tm-img\">\n\t\t\t\t\t<div class=\"tm-author\">\n\t\t\t\t\t\t<h4>Emil Stepanek<\/h4>\n\t\t\t\t\t\t<span class=\"tm-pos\">Klarinette, Klavier<\/span>\n\t\t\t\t\t\t\t<p class=\"tm-text\">Die M\u00f6glichkeit, einen Freiwilligendienst im Ausland mit Musik verbinden zu k\u00f6nnen, hat f\u00fcr Emil einen sehr besonderen Wert. Er ist sehr froh, diese starke Erfahrung mitten im Musikstudium untergebracht zu haben und freut sich auf die Erfahrungen und Ver\u00e4nderungen, die Ghana bringen werden.<\/p>\n\t\t\t\t\t\t\t<a href=\"https:\/\/netzwerk.musikerohnegrenzen.de\/members\/emilstepanek\/\" class=\"tm-link\">Netzwerk<\/a>\t\t\t\t\t\t\t\t\t\t\t\t<\/div>\n\t\t\t\t<\/div><!-- end .tm-info -->\n\t\t\t\t<div class=\"tm-quote\">\n\t\t\t\t\t<p>Sch\u00fcler*innen zu lehren und gleichzeitig von ihnen zu lernen ist ein wundersch\u00f6nes Gef\u00fchl und baut Barrieren ab.<\/p>\n\t\t\t\t<\/div><!-- end .tm-quote -->\n\t\t\t<\/div><!-- end .team-box -->\n\n\t\t <\/li><\/ul><\/div><!-- widgets_on_page -->\n","protected":false},"excerpt":{"rendered":"","protected":false},"author":1,"featured_media":0,"parent":1052,"menu_order":0,"comment_status":"closed","ping_status":"closed","template":"page-templates\/full-width.php","meta":{"footnotes":""},"translation":{"provider":"WPGlobus","version":"2.12.2","language":"gb","enabled_languages":["de","gb"],"languages":{"de":{"title":true,"content":true,"excerpt":false},"gb":{"title":false,"content":false,"excerpt":false}}},"_links":{"self":[{"href":"https:\/\/accra.musikerohnegrenzen.de\/gb\/wp-json\/wp\/v2\/pages\/1908"}],"collection":[{"href":"https:\/\/accra.musikerohnegrenzen.de\/gb\/wp-json\/wp\/v2\/pages"}],"about":[{"href":"https:\/\/accra.musikerohnegrenzen.de\/gb\/wp-json\/wp\/v2\/types\/page"}],"author":[{"embeddable":true,"href":"https:\/\/accra.musikerohnegrenzen.de\/gb\/wp-json\/wp\/v2\/users\/1"}],"replies":[{"embeddable":true,"href":"https:\/\/accra.musikerohnegrenzen.de\/gb\/wp-json\/wp\/v2\/comments?post=1908"}],"version-history":[{"count":4,"href":"https:\/\/accra.musikerohnegrenzen.de\/gb\/wp-json\/wp\/v2\/pages\/1908\/revisions"}],"predecessor-version":[{"id":2074,"href":"https:\/\/accra.musikerohnegrenzen.de\/gb\/wp-json\/wp\/v2\/pages\/1908\/revisions\/2074"}],"up":[{"embeddable":true,"href":"https:\/\/accra.musikerohnegrenzen.de\/gb\/wp-json\/wp\/v2\/pages\/1052"}],"wp:attachment":[{"href":"https:\/\/accra.musikerohnegrenzen.de\/gb\/wp-json\/wp\/v2\/media?parent=1908"}],"curies":[{"name":"wp","href":"https:\/\/api.w.org\/{rel}","templated":true}]}}